{"id":21,"date":"2016-04-28T10:14:44","date_gmt":"2016-04-28T10:14:44","guid":{"rendered":"http:\/\/www.calcisteller.com\/home\/"},"modified":"2019-10-12T08:14:18","modified_gmt":"2019-10-12T06:14:18","slug":"inicio","status":"publish","type":"page","link":"https:\/\/www.calcisteller.com\/es\/","title":{"rendered":"Inicio"},"content":{"rendered":"<p>[vc_row css=&#8221;.vc_custom_1437059547048{padding-top: 30px !important;padding-bottom: 80px !important;}&#8221;][vc_column width=&#8221;1\/3&#8243;]<\/p>\n<div class=\"true-image-box-2 tt_ box-1 mQijuuLI\">\n<div class=\"true-img-wrap\"><img width=\"600\" height=\"450\" src=\"https:\/\/www.calcisteller.com\/wp-content\/uploads\/fotos-box.png\" class=\"attachment-large size-large\" alt=\"\" loading=\"lazy\" srcset=\"https:\/\/www.calcisteller.com\/wp-content\/uploads\/fotos-box.png 600w, https:\/\/www.calcisteller.com\/wp-content\/uploads\/fotos-box-300x225.png 300w\" sizes=\"(max-width: 600px) 100vw, 600px\" \/><\/div>\n<div class=\"true-text-wrap\"><span class=\"icon-circ-wrap\"><i class=\"true-custom-icon fa fa fa-camera-retro\"><\/i><\/span><\/p>\n<div class=\"callout-details-wrap\">\n<h2 style=\"text-align: center;\"><strong>Fotografias de la casa<\/strong>&nbsp;<\/h2>\n<p style=\"text-align: center;\">Hacer <strong>turismo rural <\/strong>en el<strong> Bergued\u00e0<\/strong> es genial. Aqu\u00ed te mostramos diferentes fotografias de donde esta situada la casa rural, as\u00ed como sus habitaciones e instalaciones y sus zonas exteriores.&nbsp;<\/p>\n<p class=\"true-image-box-2-link\"><a href=\"http:\/\/www.calcisteller.com\/galeria-de-imagenes\/\" target=\"\" title=\"\">Ver la casa rural&#8230;<\/a><\/p>\n<\/div>\n<\/div>\n<p><a class=\"overlay-link\" href=\"http:\/\/www.calcisteller.com\/galeria-de-imagenes\/\" target=\"\" title=\"\"><\/a><\/div>\n<p>[\/vc_column][vc_column width=&#8221;1\/3&#8243;]<\/p>\n<div class=\"true-image-box-2 tt_ box-2 CWlBsHpT\">\n<div class=\"true-img-wrap\"><img width=\"600\" height=\"450\" src=\"https:\/\/www.calcisteller.com\/wp-content\/uploads\/Casa-Rural-con-barbacoa-ok2.png\" class=\"attachment-large size-large\" alt=\"Casa-Rural-con-barbacoa\" loading=\"lazy\" srcset=\"https:\/\/www.calcisteller.com\/wp-content\/uploads\/Casa-Rural-con-barbacoa-ok2.png 600w, https:\/\/www.calcisteller.com\/wp-content\/uploads\/Casa-Rural-con-barbacoa-ok2-300x225.png 300w\" sizes=\"(max-width: 600px) 100vw, 600px\" \/><\/div>\n<div class=\"true-text-wrap\"><span class=\"icon-circ-wrap\"><i class=\"true-custom-icon fa fa-camera\"><\/i><\/span><\/p>\n<div class=\"callout-details-wrap\">\n<h2 style=\"text-align: center;\"><strong>Tarifas de Precios<\/strong><\/h2>\n<p style=\"text-align: center;\">Consulta los <strong>precios<\/strong> segun la temporada del a\u00f1o que vas a venir.&nbsp; Y si tienes alguna consulta, no dudes en ponerte en contacto con nosotros.&nbsp; Ser\u00e1 un placer atenderte y explicarte los detalles que necesites.<\/p>\n<p class=\"true-image-box-2-link\"><a href=\"http:\/\/www.calcisteller.com\/las-tarifas\/\" target=\"\" title=\"\">Ver tarifas y&nbsp;<strong>ofertas <\/strong>&#8230;<\/a><\/p>\n<\/div>\n<\/div>\n<p><a class=\"overlay-link\" href=\"http:\/\/www.calcisteller.com\/las-tarifas\/\" target=\"\" title=\"\"><\/a><\/div>\n<p>[\/vc_column][vc_column width=&#8221;1\/3&#8243;]<\/p>\n<div class=\"true-image-box-2 tt_ box-3 gIcjwgcS\">\n<div class=\"true-img-wrap\"><img width=\"600\" height=\"450\" src=\"https:\/\/www.calcisteller.com\/wp-content\/uploads\/calendario-box.png\" class=\"attachment-large size-large\" alt=\"\" loading=\"lazy\" srcset=\"https:\/\/www.calcisteller.com\/wp-content\/uploads\/calendario-box.png 600w, https:\/\/www.calcisteller.com\/wp-content\/uploads\/calendario-box-300x225.png 300w\" sizes=\"(max-width: 600px) 100vw, 600px\" \/><\/div>\n<div class=\"true-text-wrap\"><span class=\"icon-circ-wrap\"><i class=\"true-custom-icon fa fa fa-calendar\"><\/i><\/span><\/p>\n<div class=\"callout-details-wrap\">\n<h2 style=\"text-align: center;\"><strong>Fechas disponibles<\/strong><\/h2>\n<p style=\"text-align: center;\">Si deseas realizar una<strong> reserva<\/strong> o consultar la disponibilidad, entra en esta secci\u00f3n.&nbsp; Podr\u00e1s realizar la reserva directamente y nosotros te enviaremos un correo electr\u00f3nico para confirmar los datos y tener una primera toma de contacto&#8230;<\/p>\n<p class=\"true-image-box-2-link\"><a href=\"http:\/\/www.calcisteller.com\/contacto-y-reservas\/\" target=\"\" title=\"\">Ver disponibilidad&#8230;<\/a><\/p>\n<\/div>\n<\/div>\n<p><a class=\"overlay-link\" href=\"http:\/\/www.calcisteller.com\/contacto-y-reservas\/\" target=\"\" title=\"\"><\/a><\/div>\n<p>[\/vc_column][\/vc_row]<\/p>","protected":false},"excerpt":{"rendered":"<p>[vc_row css=&#8221;.vc_custom_1437059547048{padding-top: 30px !important;padding-bottom: 80px !important;}&#8221;][vc_column width=&#8221;1\/3&#8243;][\/vc_column][vc_column width=&#8221;1\/3&#8243;][\/vc_column][vc_column width=&#8221;1\/3&#8243;][\/vc_column][\/vc_row]<\/p>\n","protected":false},"author":1,"featured_media":0,"parent":0,"menu_order":0,"comment_status":"closed","ping_status":"closed","template":"template-page-builder.php","meta":{"ngg_post_thumbnail":0},"yoast_head":"<!-- This site is optimized with the Yoast SEO plugin v15.7 - https:\/\/yoast.com\/wordpress\/plugins\/seo\/ -->\n<meta name=\"description\" content=\"Casa rural ideal per 7 persones, t\u00e9 tres habitacions. Fes turisme rural al Bergued\u00e0 tots els dies de l&#039;any. S&#039;accepten animals de companyia.\" \/>\n<meta name=\"robots\" content=\"index, follow, max-snippet:-1, max-image-preview:large, max-video-preview:-1\" \/>\n<link rel=\"canonical\" href=\"https:\/\/www.calcisteller.com\/\" \/>\n<meta property=\"og:locale\" content=\"es_ES\" \/>\n<meta property=\"og:type\" content=\"article\" \/>\n<meta property=\"og:title\" content=\"Inicio - Casa Rural - Cal Cisteller\" \/>\n<meta property=\"og:description\" content=\"Casa rural ideal per 7 persones, t\u00e9 tres habitacions. Fes turisme rural al Bergued\u00e0 tots els dies de l&#039;any. S&#039;accepten animals de companyia.\" \/>\n<meta property=\"og:url\" content=\"https:\/\/www.calcisteller.com\/\" \/>\n<meta property=\"og:site_name\" content=\"Casa Rural - Cal Cisteller\" \/>\n<meta property=\"article:modified_time\" content=\"2019-10-12T06:14:18+00:00\" \/>\n<meta name=\"twitter:card\" content=\"summary\" \/>\n<meta name=\"twitter:label1\" content=\"Tiempo de lectura\">\n\t<meta name=\"twitter:data1\" content=\"4 minutos\">\n<script type=\"application\/ld+json\" class=\"yoast-schema-graph\">{\"@context\":\"https:\/\/schema.org\",\"@graph\":[{\"@type\":\"WebSite\",\"@id\":\"https:\/\/www.calcisteller.com\/es\/#website\",\"url\":\"https:\/\/www.calcisteller.com\/es\/\",\"name\":\"Casa Rural - Cal Cisteller\",\"description\":\"Casa de Turisme Rural al Bergued\\u00e0\",\"potentialAction\":[{\"@type\":\"SearchAction\",\"target\":\"https:\/\/www.calcisteller.com\/es\/?s={search_term_string}\",\"query-input\":\"required name=search_term_string\"}],\"inLanguage\":\"es\"},{\"@type\":\"WebPage\",\"@id\":\"https:\/\/www.calcisteller.com\/#webpage\",\"url\":\"https:\/\/www.calcisteller.com\/\",\"name\":\"Inicio - Casa Rural - Cal Cisteller\",\"isPartOf\":{\"@id\":\"https:\/\/www.calcisteller.com\/es\/#website\"},\"datePublished\":\"2016-04-28T10:14:44+00:00\",\"dateModified\":\"2019-10-12T06:14:18+00:00\",\"description\":\"Casa rural ideal per 7 persones, t\\u00e9 tres habitacions. Fes turisme rural al Bergued\\u00e0 tots els dies de l'any. S'accepten animals de companyia.\",\"inLanguage\":\"es\",\"potentialAction\":[{\"@type\":\"ReadAction\",\"target\":[\"https:\/\/www.calcisteller.com\/\"]}]}]}<\/script>\n<!-- \/ Yoast SEO plugin. -->","_links":{"self":[{"href":"https:\/\/www.calcisteller.com\/es\/wp-json\/wp\/v2\/pages\/21"}],"collection":[{"href":"https:\/\/www.calcisteller.com\/es\/wp-json\/wp\/v2\/pages"}],"about":[{"href":"https:\/\/www.calcisteller.com\/es\/wp-json\/wp\/v2\/types\/page"}],"author":[{"embeddable":true,"href":"https:\/\/www.calcisteller.com\/es\/wp-json\/wp\/v2\/users\/1"}],"replies":[{"embeddable":true,"href":"https:\/\/www.calcisteller.com\/es\/wp-json\/wp\/v2\/comments?post=21"}],"version-history":[{"count":27,"href":"https:\/\/www.calcisteller.com\/es\/wp-json\/wp\/v2\/pages\/21\/revisions"}],"predecessor-version":[{"id":1215,"href":"https:\/\/www.calcisteller.com\/es\/wp-json\/wp\/v2\/pages\/21\/revisions\/1215"}],"wp:attachment":[{"href":"https:\/\/www.calcisteller.com\/es\/wp-json\/wp\/v2\/media?parent=21"}],"curies":[{"name":"wp","href":"https:\/\/api.w.org\/{rel}","templated":true}]}}