{"id":170,"date":"2016-04-28T12:25:01","date_gmt":"2016-04-28T10:25:01","guid":{"rendered":"http:\/\/www.calcisteller.com\/?page_id=170"},"modified":"2016-06-18T12:49:54","modified_gmt":"2016-06-18T10:49:54","slug":"actividades-y-enlaces","status":"publish","type":"page","link":"https:\/\/www.calcisteller.com\/es\/actividades-y-enlaces\/","title":{"rendered":"Actividades y Enlaces"},"content":{"rendered":"<p>[vc_row][vc_column]<\/p>\n<div class=\"true-heading-wrap sOHqBopj tt_ \">\n<h2><\/h2>\n<p>A 2,2 Km de Cal Cisteller, esta la Masia Ferreres, casa principal de la explotaci\u00f3n agr\u00edcola y ramadera, donde encontramos una gran variedad de espacios para compartir y disfrutar&#8230; Disfrutar de un buen rato en la piscina, en el Mini-Golf, practicando senderismo o bicicleta de monta\u00f1a, conocer la casa, descubrir a los m\u00e1s peque\u00f1os como es la vida rural&#8230; Masia Ferreres, masia del s.XVI, os ofrece un amplio abanico de alternativas de ocio y tiempo libre.<\/p><\/div>\n<p>[\/vc_column][\/vc_row][vc_row][vc_column width=&#8221;1\/3&#8243;]<\/p>\n<div class=\"true-features  HjBsSCoL tt_in_from_center\">\n<div class=\"true-description\">\n<h3><img loading=\"lazy\" class=\"alignleft size-full wp-image-388\" src=\"http:\/\/www.calcisteller.com\/wp-content\/uploads\/piscina.jpg\" alt=\"Casa Rural con piscina Bergued\u00e0\" width=\"135\" height=\"159\" \/>Piscina<\/h3>\n<p>Podr\u00e1s disfrutar de un buen chapuz\u00f3n en la piscina de la finca. Un espacio de tranquilidad donde tomar el sol y refrescarse, rodeados de \u00e1rboles y campos. Equipada con ducha y ba\u00f1os.<\/p><\/div>\n<\/div>\n<p>[\/vc_column][vc_column width=&#8221;1\/3&#8243;]<\/p>\n<div class=\"true-features  FZXlzBCU tt_in_from_center\">\n<div class=\"true-description\">\n<h3><img loading=\"lazy\" class=\"alignleft size-full wp-image-389\" src=\"http:\/\/www.calcisteller.com\/wp-content\/uploads\/minigolf.jpg\" alt=\"Mini-Golf en Casa Rural\" width=\"135\" height=\"159\" \/>Mini-Golf<\/h3>\n<p>Situado al lado de la piscina, sus 8 agujeros os permiten pasar un rato divertido entre chapuz\u00f3n y chapuz\u00f3n. O bi\u00e9n, pasar una ma\u00f1ana o una tarde compartiendo el reto con la familia o los amigos.<\/p><\/div>\n<\/div>\n<p>[\/vc_column][vc_column width=&#8221;1\/3&#8243;]<\/p>\n<div class=\"true-features  lxzuFSgL tt_in_from_center\">\n<div class=\"true-description\">\n<h3><img loading=\"lazy\" class=\"alignleft size-full wp-image-390\" src=\"http:\/\/www.calcisteller.com\/wp-content\/uploads\/senderisme.jpg\" alt=\"Senderismo desde la casa rural\" width=\"135\" height=\"159\" \/>Senderismo<\/h3>\n<p>La casa rural cuenta con multitud de caminos dentro de su explotaci\u00f3n, para los amantes de los paseos al aire libre. Dispone tambi\u00e9n de informaci\u00f3n sobre las principales y m\u00e1s atractivas rutas que pueden recorrerse a pie por la comarca.<\/p><\/div>\n<\/div>\n<p>[\/vc_column][\/vc_row][vc_row][vc_column width=&#8221;1\/3&#8243;]<\/p>\n<div class=\"true-features  eYlGQgGg tt_in_from_center\">\n<div class=\"true-description\">\n<h3><img loading=\"lazy\" class=\"alignleft wp-image-398 size-full\" src=\"http:\/\/www.calcisteller.com\/wp-content\/uploads\/bici.jpg\" alt=\"Rutas BTT desde la casa rural\" width=\"135\" height=\"159\" \/>Bicicleta de monta\u00f1a<\/h3>\n<p>Por los caminos que nos llevan de Cal Cisteller a la finca de Masia Ferreres, o de Ferreres hasta Olvan y Gironella, se puede disfrutar de tranquilos paseos en bicicleta de monta\u00f1a, por los parajes boscosos y campestres que la finca dispone.<\/p><\/div>\n<\/div>\n<p>[\/vc_column][vc_column width=&#8221;1\/3&#8243;]<\/p>\n<div class=\"true-features  leALpoBn tt_in_from_center\">\n<div class=\"true-description\">\n<h3><img loading=\"lazy\" class=\"alignleft wp-image-401 size-full\" src=\"http:\/\/www.calcisteller.com\/wp-content\/uploads\/pairal.jpg\" alt=\"\" width=\"135\" height=\"159\" \/>La Casa<\/h3>\n<p>Casa Baluard est\u00e1 situada dentro de la finca Masia Ferreres, que data del s.XVI. Desc\u00fabre en vivo toda su historia y el estilo de vida rural catal\u00e1n. Ser\u00e1 un placer mostraros las joyas arquitect\u00f3nicas y decorativas que preservamos de generaci\u00f3n en generaci\u00f3n.<\/p><\/div>\n<\/div>\n<p>[\/vc_column][vc_column width=&#8221;1\/3&#8243;]<\/p>\n<div class=\"true-features  nAjayQHg tt_in_from_center\">\n<div class=\"true-description\">\n<h3><img loading=\"lazy\" class=\"alignleft wp-image-400 size-full\" src=\"http:\/\/www.calcisteller.com\/wp-content\/uploads\/petits.jpg\" alt=\"\" width=\"135\" height=\"159\" \/>Para los m\u00e1s peque\u00f1os!<\/h3>\n<p>La cr\u00eda de corderos es una de las actividades de la explotaci\u00f3n de la finca. Y, seguro, con la que m\u00e1s disfrutan los ni\u00f1os que nos visitan. Porque en Ferreres, los m\u00e1s peque\u00f1os de la casa nos ayudan a amamantar a los corderitos con biber\u00f3n y recogen los huevos que ponen las gallinas durante el d\u00eda.<\/p><\/div>\n<\/div>\n<p>[\/vc_column][\/vc_row]<\/p>","protected":false},"excerpt":{"rendered":"<p>[vc_row][vc_column][\/vc_column][\/vc_row][vc_row][vc_column width=&#8221;1\/3&#8243;][\/vc_column][vc_column width=&#8221;1\/3&#8243;][\/vc_column][vc_column width=&#8221;1\/3&#8243;][\/vc_column][\/vc_row][vc_row][vc_column width=&#8221;1\/3&#8243;][\/vc_column][vc_column width=&#8221;1\/3&#8243;][\/vc_column][vc_column width=&#8221;1\/3&#8243;][\/vc_column][\/vc_row]<\/p>\n","protected":false},"author":1,"featured_media":0,"parent":0,"menu_order":0,"comment_status":"closed","ping_status":"closed","template":"template-blank-canvas.php","meta":{"ngg_post_thumbnail":0},"yoast_head":"<!-- This site is optimized with the Yoast SEO plugin v15.7 - https:\/\/yoast.com\/wordpress\/plugins\/seo\/ -->\n<meta name=\"robots\" content=\"index, follow, max-snippet:-1, max-image-preview:large, max-video-preview:-1\" \/>\n<link rel=\"canonical\" href=\"https:\/\/www.calcisteller.com\/actividades-y-enlaces\/\" \/>\n<meta property=\"og:locale\" content=\"es_ES\" \/>\n<meta property=\"og:type\" content=\"article\" \/>\n<meta property=\"og:title\" content=\"Actividades y Enlaces - Casa Rural - Cal Cisteller\" \/>\n<meta property=\"og:description\" content=\"[vc_row][vc_column][\/vc_column][\/vc_row][vc_row][vc_column width=&#8221;1\/3&#8243;][\/vc_column][vc_column width=&#8221;1\/3&#8243;][\/vc_column][vc_column width=&#8221;1\/3&#8243;][\/vc_column][\/vc_row][vc_row][vc_column width=&#8221;1\/3&#8243;][\/vc_column][vc_column width=&#8221;1\/3&#8243;][\/vc_column][vc_column width=&#8221;1\/3&#8243;][\/vc_column][\/vc_row]\" \/>\n<meta property=\"og:url\" content=\"https:\/\/www.calcisteller.com\/actividades-y-enlaces\/\" \/>\n<meta property=\"og:site_name\" content=\"Casa Rural - Cal Cisteller\" \/>\n<meta property=\"article:modified_time\" content=\"2016-06-18T10:49:54+00:00\" \/>\n<meta property=\"og:image\" content=\"http:\/\/www.calcisteller.com\/wp-content\/uploads\/piscina.jpg\" \/>\n<meta name=\"twitter:card\" content=\"summary\" \/>\n<meta name=\"twitter:label1\" content=\"Tiempo de lectura\">\n\t<meta name=\"twitter:data1\" content=\"7 minutos\">\n<script type=\"application\/ld+json\" class=\"yoast-schema-graph\">{\"@context\":\"https:\/\/schema.org\",\"@graph\":[{\"@type\":\"WebSite\",\"@id\":\"https:\/\/www.calcisteller.com\/es\/#website\",\"url\":\"https:\/\/www.calcisteller.com\/es\/\",\"name\":\"Casa Rural - Cal Cisteller\",\"description\":\"Casa de Turisme Rural al Bergued\\u00e0\",\"potentialAction\":[{\"@type\":\"SearchAction\",\"target\":\"https:\/\/www.calcisteller.com\/es\/?s={search_term_string}\",\"query-input\":\"required name=search_term_string\"}],\"inLanguage\":\"es\"},{\"@type\":\"ImageObject\",\"@id\":\"https:\/\/www.calcisteller.com\/actividades-y-enlaces\/#primaryimage\",\"inLanguage\":\"es\",\"url\":\"http:\/\/www.calcisteller.com\/wp-content\/uploads\/piscina.jpg\"},{\"@type\":\"WebPage\",\"@id\":\"https:\/\/www.calcisteller.com\/actividades-y-enlaces\/#webpage\",\"url\":\"https:\/\/www.calcisteller.com\/actividades-y-enlaces\/\",\"name\":\"Actividades y Enlaces - Casa Rural - Cal Cisteller\",\"isPartOf\":{\"@id\":\"https:\/\/www.calcisteller.com\/es\/#website\"},\"primaryImageOfPage\":{\"@id\":\"https:\/\/www.calcisteller.com\/actividades-y-enlaces\/#primaryimage\"},\"datePublished\":\"2016-04-28T10:25:01+00:00\",\"dateModified\":\"2016-06-18T10:49:54+00:00\",\"inLanguage\":\"es\",\"potentialAction\":[{\"@type\":\"ReadAction\",\"target\":[\"https:\/\/www.calcisteller.com\/actividades-y-enlaces\/\"]}]}]}<\/script>\n<!-- \/ Yoast SEO plugin. -->","_links":{"self":[{"href":"https:\/\/www.calcisteller.com\/es\/wp-json\/wp\/v2\/pages\/170"}],"collection":[{"href":"https:\/\/www.calcisteller.com\/es\/wp-json\/wp\/v2\/pages"}],"about":[{"href":"https:\/\/www.calcisteller.com\/es\/wp-json\/wp\/v2\/types\/page"}],"author":[{"embeddable":true,"href":"https:\/\/www.calcisteller.com\/es\/wp-json\/wp\/v2\/users\/1"}],"replies":[{"embeddable":true,"href":"https:\/\/www.calcisteller.com\/es\/wp-json\/wp\/v2\/comments?post=170"}],"version-history":[{"count":19,"href":"https:\/\/www.calcisteller.com\/es\/wp-json\/wp\/v2\/pages\/170\/revisions"}],"predecessor-version":[{"id":650,"href":"https:\/\/www.calcisteller.com\/es\/wp-json\/wp\/v2\/pages\/170\/revisions\/650"}],"wp:attachment":[{"href":"https:\/\/www.calcisteller.com\/es\/wp-json\/wp\/v2\/media?parent=170"}],"curies":[{"name":"wp","href":"https:\/\/api.w.org\/{rel}","templated":true}]}}