{"id":167,"date":"2016-04-28T12:24:18","date_gmt":"2016-04-28T10:24:18","guid":{"rendered":"http:\/\/www.calcisteller.com\/?page_id=167"},"modified":"2019-03-28T18:11:58","modified_gmt":"2019-03-28T16:11:58","slug":"situacion-casa-rural","status":"publish","type":"page","link":"https:\/\/www.calcisteller.com\/es\/situacion-casa-rural\/","title":{"rendered":"Situaci\u00f3n"},"content":{"rendered":"<p>[vc_row][vc_column width=&#8221;1\/4&#8243;][vc_column_text css_animation=&#8221;right-to-left&#8221;]<\/p>\n<h2 style=\"text-align: justify;\"><strong>Situaci\u00f3n de la Casa Rural Cal Cisteller de Ferreres:<\/strong><\/h2>\n<p style=\"text-align: justify;\">La inmejorable situaci\u00f3n de la <strong>casa rural<\/strong> en el <strong>Bergued\u00e0<\/strong> hace que se llegue f\u00e1cilmente a:<\/p>\n<ul>\n<li>s\u00f3lo 5 minutos de la <strong>Riera de Merl\u00e8s<\/strong>, un lugar ideal para el <strong>verano<\/strong>.<\/li>\n<li>20 minutos de Rasos de Peguera, un espacio para ir todo el a\u00f1o.<\/li>\n<li>30 minutos del T\u00fanel del Cad\u00ed, es un trayecto f\u00e1cil para llegar a pistas de esqu\u00ed.<\/li>\n<li>30 minutos de Manresa, ciudad para ir a visitar el edificio emblem\u00e1tico &#8220;La Seu&#8221;.<\/li>\n<li>30 minutos de Vic, para ver la plaza Mayor de la ciudad y durante el trayecto poder disfrutar de las fant\u00e1sticas vistas al Pirineo.<\/li>\n<li>1 hora de Barcelona.<\/li>\n<\/ul>\n<h2 style=\"text-align: justify;\"><strong>Coordenadas GPS:<\/strong><\/h2>\n<p><a href=\"http:\/\/www.calcisteller.com\/wp-content\/uploads\/Coordenadas-GPS.png\" rel=\"attachment wp-att-318\"><img loading=\"lazy\" class=\"alignleft wp-image-318\" src=\"http:\/\/www.calcisteller.com\/wp-content\/uploads\/Coordenadas-GPS-120x120.png\" alt=\"Situaci\u00f3n Casa Rural El Baluard\" width=\"78\" height=\"93\"><\/a><strong>&#8211; 42\u00ba 3&#8242; 26.3052&#8243; (N)<\/strong><\/p>\n<p><strong>&#8211; 1\u00ba 52&#8242; 53.1474&#8243; (E)&nbsp;<\/strong>[\/vc_column_text][\/vc_column][vc_column width=&#8221;3\/4&#8243;][vc_gmaps link=&#8221;#E-8_JTNDaWZyYW1lJTIwc3JjJTNEJTIyaHR0cHMlM0ElMkYlMkZ3d3cuZ29vZ2xlLmNvbSUyRm1hcHMlMkZlbWJlZCUzRnBiJTNEJTIxMW0xNCUyMTFtOCUyMTFtMyUyMTFkMjY4MTA5LjcxMDUxODUxNzk0JTIxMmQxLjYzNDk3NzM2Mjc5MDczOTYlMjEzZDQyLjA1OTg2NTIzMjAwMDclMjEzbTIlMjExaTEwMjQlMjEyaTc2OCUyMTRmMTMuMSUyMTNtMyUyMTFtMiUyMTFzMHgwJTI1M0EweGJlNTlkOTI4MTg5Yjg5ZWUlMjEyc0NhbCUyQkNpc3RlbGxlciUyMTVlMCUyMTNtMiUyMTFzZXMlMjEyc2VzJTIxNHYxNDYzNjQ2NjMyODQwJTIyJTIwd2lkdGglM0QlMjI2MDAlMjIlMjBoZWlnaHQlM0QlMjI0NTAlMjIlMjBmcmFtZWJvcmRlciUzRCUyMjAlMjIlMjBzdHlsZSUzRCUyMmJvcmRlciUzQTAlMjIlMjBhbGxvd2Z1bGxzY3JlZW4lM0UlM0MlMkZpZnJhbWUlM0U=&#8221;][\/vc_column][\/vc_row]<\/p>","protected":false},"excerpt":{"rendered":"<p>[vc_row][vc_column width=&#8221;1\/4&#8243;][vc_column_text css_animation=&#8221;right-to-left&#8221;]<br \/>\nSituaci\u00f3n de la Casa Rural Cal Cisteller de Ferreres:<br \/>\nLa inmejorable situaci\u00f3n de la casa rural en el Bergued\u00e0 hace que se llegue f\u00e1cilmente a:<\/p>\n<p>s\u00f3lo 5 minutos de la Riera de Merl\u00e8s, un lugar ideal para el verano.<br \/>\n20 minutos de Rasos de Peguera, un espacio para ir todo el a\u00f1o.<br \/>\n30 minutos del T\u00fanel del Cad\u00ed, es un trayecto f\u00e1cil para llegar a pistas de esqu\u00ed.<br \/>\n30 minutos de Manresa, ciudad para ir a &#8230;<\/p>\n","protected":false},"author":1,"featured_media":0,"parent":0,"menu_order":0,"comment_status":"closed","ping_status":"closed","template":"template-blank-canvas.php","meta":{"ngg_post_thumbnail":0},"yoast_head":"<!-- This site is optimized with the Yoast SEO plugin v15.7 - https:\/\/yoast.com\/wordpress\/plugins\/seo\/ -->\n<meta name=\"robots\" content=\"index, follow, max-snippet:-1, max-image-preview:large, max-video-preview:-1\" \/>\n<link rel=\"canonical\" href=\"https:\/\/www.calcisteller.com\/situacion-casa-rural\/\" \/>\n<meta property=\"og:locale\" content=\"es_ES\" \/>\n<meta property=\"og:type\" content=\"article\" \/>\n<meta property=\"og:title\" content=\"Situaci\u00f3n - Casa Rural - Cal Cisteller\" \/>\n<meta property=\"og:description\" content=\"[vc_row][vc_column width=&#8221;1\/4&#8243;][vc_column_text css_animation=&#8221;right-to-left&#8221;] Situaci\u00f3n de la Casa Rural Cal Cisteller de Ferreres: La inmejorable situaci\u00f3n de la casa rural en el Bergued\u00e0 hace que se llegue f\u00e1cilmente a: s\u00f3lo 5 minutos de la Riera de Merl\u00e8s, un lugar ideal para el verano. 20 minutos de Rasos de Peguera, un espacio para ir todo el a\u00f1o. 30 minutos del T\u00fanel del Cad\u00ed, es un trayecto f\u00e1cil para llegar a pistas de esqu\u00ed. 30 minutos de Manresa, ciudad para ir a ...\" \/>\n<meta property=\"og:url\" content=\"https:\/\/www.calcisteller.com\/situacion-casa-rural\/\" \/>\n<meta property=\"og:site_name\" content=\"Casa Rural - Cal Cisteller\" \/>\n<meta property=\"article:modified_time\" content=\"2019-03-28T16:11:58+00:00\" \/>\n<meta property=\"og:image\" content=\"http:\/\/www.calcisteller.com\/wp-content\/uploads\/Coordenadas-GPS-120x120.png\" \/>\n<meta name=\"twitter:card\" content=\"summary\" \/>\n<meta name=\"twitter:label1\" content=\"Tiempo de lectura\">\n\t<meta name=\"twitter:data1\" content=\"3 minutos\">\n<script type=\"application\/ld+json\" class=\"yoast-schema-graph\">{\"@context\":\"https:\/\/schema.org\",\"@graph\":[{\"@type\":\"WebSite\",\"@id\":\"https:\/\/www.calcisteller.com\/es\/#website\",\"url\":\"https:\/\/www.calcisteller.com\/es\/\",\"name\":\"Casa Rural - Cal Cisteller\",\"description\":\"Casa de Turisme Rural al Bergued\\u00e0\",\"potentialAction\":[{\"@type\":\"SearchAction\",\"target\":\"https:\/\/www.calcisteller.com\/es\/?s={search_term_string}\",\"query-input\":\"required name=search_term_string\"}],\"inLanguage\":\"es\"},{\"@type\":\"ImageObject\",\"@id\":\"https:\/\/www.calcisteller.com\/situacion-casa-rural\/#primaryimage\",\"inLanguage\":\"es\",\"url\":\"http:\/\/www.calcisteller.com\/wp-content\/uploads\/Coordenadas-GPS-120x120.png\"},{\"@type\":\"WebPage\",\"@id\":\"https:\/\/www.calcisteller.com\/situacion-casa-rural\/#webpage\",\"url\":\"https:\/\/www.calcisteller.com\/situacion-casa-rural\/\",\"name\":\"Situaci\\u00f3n - Casa Rural - Cal Cisteller\",\"isPartOf\":{\"@id\":\"https:\/\/www.calcisteller.com\/es\/#website\"},\"primaryImageOfPage\":{\"@id\":\"https:\/\/www.calcisteller.com\/situacion-casa-rural\/#primaryimage\"},\"datePublished\":\"2016-04-28T10:24:18+00:00\",\"dateModified\":\"2019-03-28T16:11:58+00:00\",\"inLanguage\":\"es\",\"potentialAction\":[{\"@type\":\"ReadAction\",\"target\":[\"https:\/\/www.calcisteller.com\/situacion-casa-rural\/\"]}]}]}<\/script>\n<!-- \/ Yoast SEO plugin. -->","_links":{"self":[{"href":"https:\/\/www.calcisteller.com\/es\/wp-json\/wp\/v2\/pages\/167"}],"collection":[{"href":"https:\/\/www.calcisteller.com\/es\/wp-json\/wp\/v2\/pages"}],"about":[{"href":"https:\/\/www.calcisteller.com\/es\/wp-json\/wp\/v2\/types\/page"}],"author":[{"embeddable":true,"href":"https:\/\/www.calcisteller.com\/es\/wp-json\/wp\/v2\/users\/1"}],"replies":[{"embeddable":true,"href":"https:\/\/www.calcisteller.com\/es\/wp-json\/wp\/v2\/comments?post=167"}],"version-history":[{"count":26,"href":"https:\/\/www.calcisteller.com\/es\/wp-json\/wp\/v2\/pages\/167\/revisions"}],"predecessor-version":[{"id":1137,"href":"https:\/\/www.calcisteller.com\/es\/wp-json\/wp\/v2\/pages\/167\/revisions\/1137"}],"wp:attachment":[{"href":"https:\/\/www.calcisteller.com\/es\/wp-json\/wp\/v2\/media?parent=167"}],"curies":[{"name":"wp","href":"https:\/\/api.w.org\/{rel}","templated":true}]}}