{"id":165,"date":"2016-04-28T12:23:39","date_gmt":"2016-04-28T10:23:39","guid":{"rendered":"http:\/\/www.calcisteller.com\/?page_id=165"},"modified":"2019-10-12T07:59:39","modified_gmt":"2019-10-12T05:59:39","slug":"la-casa-rural","status":"publish","type":"page","link":"https:\/\/www.calcisteller.com\/es\/la-casa-rural\/","title":{"rendered":"La Casa Rural"},"content":{"rendered":"<p>[vc_row][vc_column width=&#8221;2\/3&#8243;][vc_column_text]<\/p>\n<h2><strong>Casa Rural con 3 habitaciones, en el Bergued\u00e0<\/strong><\/h2>\n<div class=\"accommodation-characteristic-extended\">\n<ul>\n<li>2 de matrimonio y 1 habitaci\u00f3n triple.<\/li>\n<li>2 ba\u00f1os<\/li>\n<li>Cocina-comedor con <strong>chimenea<\/strong> y TV. Cocina equipada con: vitrocer\u00e1mica, horno, microondas, lavavajillas, tostadora, batidor, cafetera Italiana.<\/li>\n<li>Sala de estar con TV.<\/li>\n<li>Garaje para 2 coches<\/li>\n<li>A 2,2 km de distancia, dispone de:\n<ul>\n<li>Jard\u00edn con piscina y minigolf<\/li>\n<li>Sala de tenis de mesa<\/li>\n<li>Juegos para los m\u00e1s peque\u00f1os<\/li>\n<li>2 bicicletas de monta\u00f1a a disposici\u00f3n de los clientes<\/li>\n<\/ul>\n<\/li>\n<\/ul>\n<p>&nbsp;<\/p>\n<\/div>\n<h2><strong>Caracter\u00edsticas principales de la casa:<\/strong><\/h2>\n<ul class=\"style-circle-grey\">\n<li><strong>Equipaci\u00f3n Exterior:<\/strong> jard\u00edn,&nbsp; <strong>barbacoa<\/strong>&nbsp;con le\u00f1a,&nbsp; terraza,&nbsp; muebles de jard\u00edn,&nbsp; zona de aparcamiento&#8230;<\/li>\n<li><strong>Equipaci\u00f3n Interior:<\/strong> 2 televisiones con conexi\u00f3n usb, lavadora, microondas, calefacci\u00f3n, lavavajillas, menaje cocina, 2 ba\u00f1os, chimenea, secador de mano, toallas y s\u00e1banas&#8230;<\/li>\n<li><strong>Servicios:<\/strong> bicicleta,&nbsp; cuna,&nbsp; documentaci\u00f3n sobre la zona, actividades para ni\u00f1os,&nbsp; venta de productos locales,&nbsp; granja, &#8230;<\/li>\n<li><strong>Situaci\u00f3n:<\/strong> aislada,&nbsp; se\u00f1alizaci\u00f3n del acceso,&nbsp; cerca de pistas de esqu\u00ed,&nbsp; zona de ba\u00f1o interior (r\u00edos, embalses, etc.). A unos minutos de la Riera de Merl\u00e8s. Un lugar para hacer <strong>turismo<\/strong> <strong>rural<\/strong> en el <strong>Bergued\u00e0<\/strong>. Adem\u00e1s, junto a la casa hay un peque\u00f1o arroyo.<\/li>\n<li>Se aceptan animales de compa\u00f1\u00eda (sin coste adicional)<\/li>\n<\/ul>\n<p>&nbsp;<\/p>\n<h2><strong>Cal Cisteller <\/strong><\/h2>\n<p>Es un establecimiento de turismo rural que corresponde al grupo de agroturismo en la modalidad de masoveria y pertenece a la finca de mas\u00eda de Ferreres data del siglo XVI. Es una peque\u00f1a casa rodeada de extensos campos y su propio bosquecillo acompa\u00f1ado por un riachuelo, <strong>Cal Cisteller de Ferreres<\/strong> es punto de partida de numerosas excursiones que se pueden realizar en los parajes de su entorno, invita a descansar y desconectar de la rutina diaria, ofrece el equilibrio de las experiencias rurales gracias a sus instalaciones funcionales. Un lugar encantador donde la nostalgia predomina como si el tiempo no hubiese pasado, para disfrutar con la familia, amigos y con los m\u00e1s peque\u00f1os de la casa.<\/p>\n<p>Est\u00e1 situada a 2,2 km de la mas\u00eda de Ferreres en el municipio de Olvan (Barcelona), cerca de la carretera C-16, a escasos minutos del n\u00facleo urbano Berga y de las propuestas culturales y deportivas m\u00e1s importantes de la comarca del <strong>Bergued\u00e0<\/strong>.<\/p>\n<p>Entre todas las actividades que podr\u00e9is practicar, en la comarca, os recomendamos los saltos en parapente, esqu\u00ed, esqu\u00ed de fondo, trekking, bicicleta de monta\u00f1a (BTT), rutas 4&#215;4&#8230; o si lo prefer\u00eds tambi\u00e9n podr\u00e9is visitar las diferentes rutas del rom\u00e1nico, el &#8220;Cam\u00ed dels Bons Homes&#8221;, el Santuario de Queralt, los Jardines Artigues dise\u00f1ados por Gaud\u00ed en la Pobla de Lillet, la Patum&#8230; Todo ello a vuestro alcance en pocos minutos desde vuestra casa rural&#8230;<\/p>\n<p>[\/vc_column_text][\/vc_column][vc_column width=&#8221;1\/3&#8243;][vc_single_image image=&#8221;661&#8243; img_size=&#8221;full&#8221; alignment=&#8221;center&#8221; css_animation=&#8221;appear&#8221;][vc_single_image image=&#8221;576&#8243; img_size=&#8221;full&#8221; alignment=&#8221;center&#8221; css_animation=&#8221;appear&#8221;][vc_single_image image=&#8221;665&#8243; img_size=&#8221;full&#8221; alignment=&#8221;center&#8221; css_animation=&#8221;appear&#8221;][\/vc_column][\/vc_row]<\/p>","protected":false},"excerpt":{"rendered":"<p>[vc_row][vc_column width=&#8221;2\/3&#8243;][vc_column_text]<br \/>\nCasa Rural con 3 habitaciones, en el Bergued\u00e0<\/p>\n<p>\n2 de matrimonio y 1 habitaci\u00f3n triple.<br \/>\n2 ba\u00f1os<br \/>\nCocina-comedor con chimenea y TV. Cocina equipada con: vitrocer\u00e1mica, horno, microondas, lavavajillas, tostadora, batidor, cafetera Italiana.<br \/>\nSala de estar con TV.<br \/>\nGaraje para 2 coches<br \/>\nA 2,2 km de distancia, dispone de:<\/p>\n<p>Jard\u00edn con piscina y minigolf<br \/>\nSala de tenis de mesa<br \/>\nJuegos para los m\u00e1s peque\u00f1os<br \/>\n2 bicicletas de monta\u00f1a a disposici\u00f3n de los clientes<\/p>\n<p><br ...\n<\/p>\n","protected":false},"author":1,"featured_media":0,"parent":0,"menu_order":0,"comment_status":"closed","ping_status":"closed","template":"template-blank-canvas.php","meta":{"ngg_post_thumbnail":0},"yoast_head":"<!-- This site is optimized with the Yoast SEO plugin v15.7 - https:\/\/yoast.com\/wordpress\/plugins\/seo\/ -->\n<meta name=\"robots\" content=\"index, follow, max-snippet:-1, max-image-preview:large, max-video-preview:-1\" \/>\n<link rel=\"canonical\" href=\"https:\/\/www.calcisteller.com\/la-casa-rural\/\" \/>\n<meta property=\"og:locale\" content=\"es_ES\" \/>\n<meta property=\"og:type\" content=\"article\" \/>\n<meta property=\"og:title\" content=\"La Casa Rural - Casa Rural - Cal Cisteller\" \/>\n<meta property=\"og:description\" content=\"[vc_row][vc_column width=&#8221;2\/3&#8243;][vc_column_text] Casa Rural con 3 habitaciones, en el Bergued\u00e0  2 de matrimonio y 1 habitaci\u00f3n triple. 2 ba\u00f1os Cocina-comedor con chimenea y TV. Cocina equipada con: vitrocer\u00e1mica, horno, microondas, lavavajillas, tostadora, batidor, cafetera Italiana. Sala de estar con TV. Garaje para 2 coches A 2,2 km de distancia, dispone de: Jard\u00edn con piscina y minigolf Sala de tenis de mesa Juegos para los m\u00e1s peque\u00f1os 2 bicicletas de monta\u00f1a a disposici\u00f3n de los clientes\" \/>\n<meta property=\"og:url\" content=\"https:\/\/www.calcisteller.com\/la-casa-rural\/\" \/>\n<meta property=\"og:site_name\" content=\"Casa Rural - Cal Cisteller\" \/>\n<meta property=\"article:modified_time\" content=\"2019-10-12T05:59:39+00:00\" \/>\n<meta name=\"twitter:card\" content=\"summary\" \/>\n<meta name=\"twitter:label1\" content=\"Tiempo de lectura\">\n\t<meta name=\"twitter:data1\" content=\"7 minutos\">\n<script type=\"application\/ld+json\" class=\"yoast-schema-graph\">{\"@context\":\"https:\/\/schema.org\",\"@graph\":[{\"@type\":\"WebSite\",\"@id\":\"https:\/\/www.calcisteller.com\/es\/#website\",\"url\":\"https:\/\/www.calcisteller.com\/es\/\",\"name\":\"Casa Rural - Cal Cisteller\",\"description\":\"Casa de Turisme Rural al Bergued\\u00e0\",\"potentialAction\":[{\"@type\":\"SearchAction\",\"target\":\"https:\/\/www.calcisteller.com\/es\/?s={search_term_string}\",\"query-input\":\"required name=search_term_string\"}],\"inLanguage\":\"es\"},{\"@type\":\"WebPage\",\"@id\":\"https:\/\/www.calcisteller.com\/la-casa-rural\/#webpage\",\"url\":\"https:\/\/www.calcisteller.com\/la-casa-rural\/\",\"name\":\"La Casa Rural - Casa Rural - Cal Cisteller\",\"isPartOf\":{\"@id\":\"https:\/\/www.calcisteller.com\/es\/#website\"},\"datePublished\":\"2016-04-28T10:23:39+00:00\",\"dateModified\":\"2019-10-12T05:59:39+00:00\",\"inLanguage\":\"es\",\"potentialAction\":[{\"@type\":\"ReadAction\",\"target\":[\"https:\/\/www.calcisteller.com\/la-casa-rural\/\"]}]}]}<\/script>\n<!-- \/ Yoast SEO plugin. -->","_links":{"self":[{"href":"https:\/\/www.calcisteller.com\/es\/wp-json\/wp\/v2\/pages\/165"}],"collection":[{"href":"https:\/\/www.calcisteller.com\/es\/wp-json\/wp\/v2\/pages"}],"about":[{"href":"https:\/\/www.calcisteller.com\/es\/wp-json\/wp\/v2\/types\/page"}],"author":[{"embeddable":true,"href":"https:\/\/www.calcisteller.com\/es\/wp-json\/wp\/v2\/users\/1"}],"replies":[{"embeddable":true,"href":"https:\/\/www.calcisteller.com\/es\/wp-json\/wp\/v2\/comments?post=165"}],"version-history":[{"count":45,"href":"https:\/\/www.calcisteller.com\/es\/wp-json\/wp\/v2\/pages\/165\/revisions"}],"predecessor-version":[{"id":1213,"href":"https:\/\/www.calcisteller.com\/es\/wp-json\/wp\/v2\/pages\/165\/revisions\/1213"}],"wp:attachment":[{"href":"https:\/\/www.calcisteller.com\/es\/wp-json\/wp\/v2\/media?parent=165"}],"curies":[{"name":"wp","href":"https:\/\/api.w.org\/{rel}","templated":true}]}}